{"id":602,"date":"2013-01-01T00:00:57","date_gmt":"2012-12-31T23:00:57","guid":{"rendered":"http:\/\/www.stefaneguilbaud.com\/journal\/?page_id=602"},"modified":"2022-11-19T18:05:43","modified_gmt":"2022-11-19T17:05:43","slug":"lauteur","status":"publish","type":"page","link":"https:\/\/www.stefaneguilbaud.com\/blog\/?page_id=602","title":{"rendered":"AUTEUR"},"content":{"rendered":"<p style=\"text-align: center;\">Ce blog est maintenu par St\u00e9fane GUILBAUD<\/p>\n<p style=\"text-align: center;\"><a href=\"http:\/\/www.stefaneguilbaud.com\">D\u00e9couvrez le site officiel<\/a><\/p>\n<p style=\"text-align: center;\"><a href=\"http:\/\/www.stefaneguilbaud.com\" rel=\"attachment wp-att-3125\"><img data-recalc-dims=\"1\" loading=\"lazy\" decoding=\"async\" class=\"wp-image-3125 aligncenter\" src=\"https:\/\/i0.wp.com\/www.stefaneguilbaud.com\/blog\/wp-content\/uploads\/2018\/12\/DA001.png?resize=245%2C138\" alt=\"\" width=\"245\" height=\"138\" srcset=\"https:\/\/i0.wp.com\/www.stefaneguilbaud.com\/blog\/wp-content\/uploads\/2018\/12\/DA001.png?w=303&amp;ssl=1 303w, https:\/\/i0.wp.com\/www.stefaneguilbaud.com\/blog\/wp-content\/uploads\/2018\/12\/DA001.png?resize=300%2C169&amp;ssl=1 300w\" sizes=\"auto, (max-width: 245px) 100vw, 245px\" \/><\/a><\/p>\n<p style=\"text-align: center;\">\n","protected":false},"excerpt":{"rendered":"<p>Ce blog est maintenu par St\u00e9fane GUILBAUD D\u00e9couvrez le site officiel<\/p>\n","protected":false},"author":1,"featured_media":3107,"parent":0,"menu_order":0,"comment_status":"closed","ping_status":"closed","template":"","meta":{"_exactmetrics_skip_tracking":false,"_exactmetrics_sitenote_active":false,"_exactmetrics_sitenote_note":"","_exactmetrics_sitenote_category":0,"jetpack_post_was_ever_published":false,"footnotes":""},"class_list":["post-602","page","type-page","status-publish","has-post-thumbnail","hentry"],"jetpack_sharing_enabled":true,"jetpack_shortlink":"https:\/\/wp.me\/P8a0UX-9I","jetpack-related-posts":[{"id":2853,"url":"https:\/\/www.stefaneguilbaud.com\/blog\/?page_id=2853","url_meta":{"origin":602,"position":0},"title":"Politique de confidentialit\u00e9","author":"SG","date":"21 juillet 2018","format":false,"excerpt":"Qui sommes-nous\u00a0? L\u2019adresse de notre site Web est\u00a0: http:\/\/www.stefaneguilbaud.com\/blog. Utilisation des donn\u00e9es personnelles collect\u00e9es Commentaires Quand vous laissez un commentaire sur notre site web, les donn\u00e9es inscrites dans le formulaire de commentaire, mais aussi votre adresse IP et l\u2019agent utilisateur de votre navigateur sont collect\u00e9s pour nous aider \u00e0 la\u2026","rel":"","context":"Article similaire","block_context":{"text":"Article similaire","link":""},"img":{"alt_text":"","src":"","width":0,"height":0},"classes":[]},{"id":2897,"url":"https:\/\/www.stefaneguilbaud.com\/blog\/?page_id=2897","url_meta":{"origin":602,"position":1},"title":"ALBUM","author":"SG","date":"18 septembre 2018","format":false,"excerpt":"\u00a0\u00a0\u00a0\u00a0\u00a0\u00a0 \u00a0","rel":"","context":"Article similaire","block_context":{"text":"Article similaire","link":""},"img":{"alt_text":"CohenBoccara","src":"https:\/\/i0.wp.com\/www.stefaneguilbaud.com\/blog\/wp-content\/uploads\/2016\/06\/CohenBoccara.jpg?resize=350%2C200","width":350,"height":200},"classes":[]}],"jetpack_likes_enabled":true,"_links":{"self":[{"href":"https:\/\/www.stefaneguilbaud.com\/blog\/index.php?rest_route=\/wp\/v2\/pages\/602","targetHints":{"allow":["GET"]}}],"collection":[{"href":"https:\/\/www.stefaneguilbaud.com\/blog\/index.php?rest_route=\/wp\/v2\/pages"}],"about":[{"href":"https:\/\/www.stefaneguilbaud.com\/blog\/index.php?rest_route=\/wp\/v2\/types\/page"}],"author":[{"embeddable":true,"href":"https:\/\/www.stefaneguilbaud.com\/blog\/index.php?rest_route=\/wp\/v2\/users\/1"}],"replies":[{"embeddable":true,"href":"https:\/\/www.stefaneguilbaud.com\/blog\/index.php?rest_route=%2Fwp%2Fv2%2Fcomments&post=602"}],"version-history":[{"count":10,"href":"https:\/\/www.stefaneguilbaud.com\/blog\/index.php?rest_route=\/wp\/v2\/pages\/602\/revisions"}],"predecessor-version":[{"id":3876,"href":"https:\/\/www.stefaneguilbaud.com\/blog\/index.php?rest_route=\/wp\/v2\/pages\/602\/revisions\/3876"}],"wp:featuredmedia":[{"embeddable":true,"href":"https:\/\/www.stefaneguilbaud.com\/blog\/index.php?rest_route=\/wp\/v2\/media\/3107"}],"wp:attachment":[{"href":"https:\/\/www.stefaneguilbaud.com\/blog\/index.php?rest_route=%2Fwp%2Fv2%2Fmedia&parent=602"}],"curies":[{"name":"wp","href":"https:\/\/api.w.org\/{rel}","templated":true}]}}